{"id":776,"date":"2022-02-10T17:26:50","date_gmt":"2022-02-10T17:26:50","guid":{"rendered":"https:\/\/www.maitre-bruno-perucca.fr\/?page_id=776"},"modified":"2024-10-25T23:17:09","modified_gmt":"2024-10-25T23:17:09","slug":"avocat-droit-social-antibes-sophia-antipolis","status":"publish","type":"page","link":"https:\/\/www.maitre-bruno-perucca.fr\/it\/avocat-droit-social-antibes-sophia-antipolis\/","title":{"rendered":"Avvocato in diritto sociale | Me Perucca 24 anni di esperienza"},"content":{"rendered":"<p>[et_pb_section fb_built=\u00a0\u00bb1&Prime; _builder_version=\u00a0\u00bb4.16&Prime; _module_preset=\u00a0\u00bbdefault\u00a0\u00bb custom_padding=\u00a0\u00bb0px|||||\u00a0\u00bb global_colors_info=\u00a0\u00bb{}\u00a0\u00bb][et_pb_row column_structure=\u00a0\u00bb1_2,1_2&Prime; use_custom_gutter=\u00a0\u00bbon\u00a0\u00bb make_equal=\u00a0\u00bbon\u00a0\u00bb _builder_version=\u00a0\u00bb4.16&Prime; _module_preset=\u00a0\u00bbdefault\u00a0\u00bb global_colors_info=\u00a0\u00bb{}\u00a0\u00bb][et_pb_column type=\u00a0\u00bb1_2&Prime; _builder_version=\u00a0\u00bb4.16&Prime; _module_preset=\u00a0\u00bbdefault\u00a0\u00bb global_colors_info=\u00a0\u00bb{}\u00a0\u00bb][et_pb_image src=\u00a0\u00bbhttp:\/\/www.maitre-bruno-perucca.fr\/wp-content\/uploads\/2020\/02\/Avocat-Bruno-Perucca-contact.jpg\u00a0\u00bb alt=\u00a0\u00bbavocat droit social  antibes nice grasse\u00a0\u00bb title_text=\u00a0\u00bbavocat droit social antibes nice grasse\u00a0\u00bb _builder_version=\u00a0\u00bb4.16&Prime; _module_preset=\u00a0\u00bbdefault\u00a0\u00bb width=\u00a0\u00bb71%\u00a0\u00bb mix_blend_mode=\u00a0\u00bbcolor-burn\u00a0\u00bb box_shadow_style=\u00a0\u00bbpreset2&Prime; global_colors_info=\u00a0\u00bb{}\u00a0\u00bb][\/et_pb_image][\/et_pb_column][et_pb_column type=\u00a0\u00bb1_2&Prime; _builder_version=\u00a0\u00bb4.16&Prime; _module_preset=\u00a0\u00bbdefault\u00a0\u00bb custom_css_main_element=\u00a0\u00bbmargin: auto auto 0;\u00a0\u00bb global_colors_info=\u00a0\u00bb{}\u00a0\u00bb][et_pb_text _builder_version=\u00a0\u00bb4.16&Prime; _module_preset=\u00a0\u00bbdefault\u00a0\u00bb custom_padding=\u00a0\u00bb9px|||||\u00a0\u00bb inline_fonts=\u00a0\u00bbCormorant Garamond\u00a0\u00bb global_colors_info=\u00a0\u00bb{}\u00a0\u00bb]<\/p>\n<h1><span style=\"font-family: 'Cormorant Garamond'; font-weight: normal; font-size: xx-large;\">Ma\u00eetre Perucca, Docteur en Droit,<\/span><\/h1>\n<h1><span style=\"font-family: 'Cormorant Garamond';\"><strong>Avocat Droit du Travail Antibes<\/strong><\/span><\/h1>\n<p>&nbsp;<\/p>\n<p>[\/et_pb_text][et_pb_text _builder_version=\u00a0\u00bb4.16&Prime; _module_preset=\u00a0\u00bbdefault\u00a0\u00bb global_colors_info=\u00a0\u00bb{}\u00a0\u00bb]<\/p>\n<p>Avocat droit travail Antibes, Nice Cannes ou Nice, Ma\u00eetre Perucca est  dans le de social. <strong>Le\u00a0droit social\u00a0englobe le\u00a0droit\u00a0du travail et le\u00a0droit\u00a0de la s\u00e9curit\u00e9\u00a0sociale<\/strong><span><strong>. Il conc\u00e8de aux salari\u00e9s un certain nombre<\/strong> de\u00a0<\/span>droits<span> entrainant des obligations pour les employeurs et dont le non-respect peut aboutir \u00e0 des sanctions p\u00e9nales. Il faut avoir un <a href=\"https:\/\/www.maitre-bruno-perucca.fr\/avocat-droit-de-la-famille\/\">avocat  en droit du travail<\/a> pour avoir le meilleur conseil juridique.<\/span><\/p>\n<p><span>Le droit du travail emm\u00e8ne Ma\u00eetre Perucca r\u00e9guli\u00e8rement \u00e0 Grasse, aux Prud&rsquo;hommes (il n&rsquo;y a pas de prud&rsquo;hommes \u00e0 Antibes). Il intervient aussi beaucoup avec les salari\u00e9s de Sophia Antipolis.<\/span><\/p>\n<p><span><\/span><\/p>\n<p>Le code du travail oblige \u00e0 respecter un formalisme strict, en cas de proc\u00e9dure de licenciement ou par exemple, probl\u00e8mes de cong\u00e9s pay\u00e9s. Il en sera de m\u00eame pour calculer le montant de l&rsquo;indemnit\u00e9 de licenciement. Se faire accompagner est donc important.<span><\/span><\/p>\n<p>Dans le cadre de ses activit\u00e9s d&rsquo;avocats en droit du travail, il travaille avec un r\u00e9seau de conf\u00e8res qui lui permet de conseiller dans la meilleure des choses.<span><\/span><\/p>\n<p>&nbsp;<\/p>\n<p>&nbsp;<\/p>\n<p>[\/et_pb_text][\/et_pb_column][\/et_pb_row][et_pb_row _builder_version=\u00a0\u00bb4.16&Prime; _module_preset=\u00a0\u00bbdefault\u00a0\u00bb global_colors_info=\u00a0\u00bb{}\u00a0\u00bb][et_pb_column type=\u00a0\u00bb4_4&Prime; _builder_version=\u00a0\u00bb4.16&Prime; _module_preset=\u00a0\u00bbdefault\u00a0\u00bb global_colors_info=\u00a0\u00bb{}\u00a0\u00bb][et_pb_button button_url=\u00a0\u00bb@ET-DC@eyJkeW5hbWljIjp0cnVlLCJjb250ZW50IjoicG9zdF9saW5rX3VybF9wYWdlIiwic2V0dGluZ3MiOnsicG9zdF9pZCI6IjY5NiJ9fQ==@\u00a0\u00bb button_text=\u00a0\u00bbLisez les t\u00e9moignages des clients de Me Perucca\u00a0\u00bb button_alignment=\u00a0\u00bbcenter\u00a0\u00bb _builder_version=\u00a0\u00bb4.16&Prime; _dynamic_attributes=\u00a0\u00bbbutton_url\u00a0\u00bb _module_preset=\u00a0\u00bbdefault\u00a0\u00bb custom_button=\u00a0\u00bbon\u00a0\u00bb button_text_size=\u00a0\u00bb18px\u00a0\u00bb button_text_color=\u00a0\u00bb#FFFFFF\u00a0\u00bb button_bg_color=\u00a0\u00bb#E02B20&Prime; button_border_width=\u00a0\u00bb2px\u00a0\u00bb button_border_color=\u00a0\u00bb#FFFFFF\u00a0\u00bb button_border_radius=\u00a0\u00bb36px\u00a0\u00bb global_colors_info=\u00a0\u00bb{}\u00a0\u00bb][\/et_pb_button][\/et_pb_column][\/et_pb_row][et_pb_row column_structure=\u00a0\u00bb3_5,2_5&Prime; _builder_version=\u00a0\u00bb4.16&Prime; _module_preset=\u00a0\u00bbdefault\u00a0\u00bb global_colors_info=\u00a0\u00bb{}\u00a0\u00bb][et_pb_column type=\u00a0\u00bb3_5&Prime; _builder_version=\u00a0\u00bb4.16&Prime; _module_preset=\u00a0\u00bbdefault\u00a0\u00bb global_colors_info=\u00a0\u00bb{}\u00a0\u00bb][et_pb_text _builder_version=\u00a0\u00bb4.16&Prime; _module_preset=\u00a0\u00bbdefault\u00a0\u00bb custom_padding=\u00a0\u00bb||0px|||\u00a0\u00bb global_colors_info=\u00a0\u00bb{}\u00a0\u00bb]<\/p>\n<h2>Exemple de mes prestations :\u00a0<\/h2>\n<p>&nbsp;<\/p>\n<p>\u27a3 Constitution des contrats de travail<\/p>\n<p>\u27a3 Contentieux de l\u2019application des Conventions collectives et du contrat de travail<\/p>\n<p>\u27a3 Licenciement et contentieux du licenciement, pour motif personnel, \u00e9conomique, etc.<\/p>\n<p>\u27a3 Contentieux prud\u2019homal<\/p>\n<p>\u27a3 Ruptures conventionnelles\u00a0<\/p>\n<p>\u27a3 Proc\u00e9dures de licenciement : licenciement pour motif \u00e9conomique, probl\u00e8me de cong\u00e9s pay\u00e9s, licenciement sans cause r\u00e9elle et s\u00e9rieux. Ma\u00eetre Perucca intervientaussi pour tout type de licenciement abusif ( par exemple, pour faute grave ou lourde).<\/p>\n<div class=\"grid grid-cols-12 overflow-auto w-full\" id=\"be6c2043-16f2-4004-9b7a-53f28b1ba4c1\">\n<div class=\"col-span-9 md:col-span-11 flex\">\n<div class=\"whitespace-pre-wrap h-fit md:ml-2 lg:ml-0\">\n<p>La ville de Nice offre de nombreuses opportunit\u00e9s de travail aux habitants. Toutefois, il est important de conna\u00eetre les lois et les r\u00e8glements qui r\u00e9gissent le droit du travail pour \u00e9viter les conflits. Ma\u00eetre <a href=\"https:\/\/www.maitre-bruno-perucca.fr\/honoraires\/\">Perucca est un avocat<\/a> inscrit au Barreau de Grasse et sp\u00e9cialis\u00e9 en droit du travail. Il peut offrir des conseils concernant les heures suppl\u00e9mentaires, la protection sociale et le droit \u00e0 la s\u00e9curit\u00e9 et \u00e0 l&rsquo;hygi\u00e8ne. Il peut \u00e9galement assister les victimes d&rsquo;un accident du travail ou d&rsquo;une maladie professionnelle devant le conseil de prud&rsquo;hommes de Grasse.<\/p>\n<\/div>\n<\/div>\n<\/div>\n<div class=\"\">\n<div class=\"hidden sm:block absolute right-6 -top-4\">\n<div class=\"hidden group-hover:flex items-center space-x-0 bg-white px-2 py-px rounded-xl border border-gray-1\">\n<div class=\"flex items-center gap-x-2 opacity-30 w-7 h-7 justify-center\"><svg width=\"20\" height=\"20\" viewbox=\"0 0 16 17\" fill=\"none\" xmlns=\"http:\/\/www.w3.org\/2000\/svg\"><path d=\"M8 14.5C11.3137 14.5 14 11.8137 14 8.5C14 5.18629 11.3137 2.5 8 2.5C4.68629 2.5 2 5.18629 2 8.5C2 11.8137 4.68629 14.5 8 14.5Z\" stroke=\"#0054FD\" stroke-width=\"1.4\" stroke-linecap=\"round\" stroke-linejoin=\"round\"><\/path><path d=\"M10.5 6.00001H9.50001C9.3028 5.99919 9.10737 6.03742 8.92501 6.11251C8.74265 6.1876 8.57696 6.29806 8.43751 6.43751C8.29806 6.57696 8.1876 6.74265 8.11251 6.92501C8.03742 7.10737 7.99919 7.3028 8.00001 7.50001V14.5\" stroke=\"#0054FD\" stroke-width=\"1.4\" stroke-linecap=\"round\" stroke-linejoin=\"round\"><\/path><path d=\"M6 9.5H10\" stroke=\"#0054FD\" stroke-width=\"1.4\" stroke-linecap=\"round\" stroke-linejoin=\"round\"><\/path><\/svg><\/div>\n<div class=\"flex items-center gap-x-2 opacity-30 w-7 h-7 justify-center\"><\/div>\n<div class=\"px-1\"><\/div>\n<\/div>\n<\/div>\n<\/div>\n<p>\u00a0\u27a3 Interventions au conseil des Prud&rsquo;hommes de Grasse, Nice et de toute la France (il n&rsquo;existe pas de conseil de Prud&rsquo;hommes \u00e0 Antibes).<\/p>\n<p>\u00a0<span class=\"items\"><span class=\"js-items\"><span><\/span><\/span><\/span>\u27a3 N\u00e9gociation et conciliation dans le cadre de d\u00e9parts n\u00e9goci\u00e9s et de la rupture du contrat de travail<\/p>\n<p>\u27a3 Responsabilit\u00e9s issues de l\u2019application du contrat de travail pour le salari\u00e9 comme l\u2019employeur<\/p>\n<p>[\/et_pb_text][\/et_pb_column][et_pb_column type=\u00a0\u00bb2_5&Prime; _builder_version=\u00a0\u00bb4.16&Prime; _module_preset=\u00a0\u00bbdefault\u00a0\u00bb global_colors_info=\u00a0\u00bb{}\u00a0\u00bb][et_pb_image src=\u00a0\u00bbhttp:\/\/www.maitre-bruno-perucca.fr\/wp-content\/uploads\/2022\/02\/avocat-droit-social-antibes-grasse.jpg\u00a0\u00bb alt=\u00a0\u00bbavocat droit social antibes\u00a0\u00bb title_text=\u00a0\u00bbavocat droit social antibes\u00a0\u00bb _builder_version=\u00a0\u00bb4.16&Prime; _module_preset=\u00a0\u00bbdefault\u00a0\u00bb width=\u00a0\u00bb100%\u00a0\u00bb max_width=\u00a0\u00bb100%\u00a0\u00bb box_shadow_style=\u00a0\u00bbpreset2&Prime; global_colors_info=\u00a0\u00bb{}\u00a0\u00bb][\/et_pb_image][\/et_pb_column][\/et_pb_row][et_pb_row _builder_version=\u00a0\u00bb4.17.0&Prime; _module_preset=\u00a0\u00bbdefault\u00a0\u00bb global_colors_info=\u00a0\u00bb{}\u00a0\u00bb][et_pb_column type=\u00a0\u00bb4_4&Prime; _builder_version=\u00a0\u00bb4.17.0&Prime; _module_preset=\u00a0\u00bbdefault\u00a0\u00bb global_colors_info=\u00a0\u00bb{}\u00a0\u00bb][et_pb_text _builder_version=\u00a0\u00bb4.17.0&Prime; _module_preset=\u00a0\u00bbdefault\u00a0\u00bb global_colors_info=\u00a0\u00bb{}\u00a0\u00bb]<\/p>\n<blockquote>\n<p>Il n&rsquo;existe pas de tribunal de prud&rsquo;hommes \u00e0 Antibes. Les prud&rsquo;hommes dans les Alpes Maritimes sont situ\u00e9s soit \u00e0 Grasse, soit \u00e0 Nice. Ils seront \u00e0 saisir en fonction de votre lieu d&rsquo;exercice de votre travail ou du si\u00e8ge de votre soci\u00e9t\u00e9.\u00a0<\/p>\n<\/blockquote>\n<p>[\/et_pb_text][\/et_pb_column][\/et_pb_row][et_pb_row _builder_version=\u00a0\u00bb4.16&Prime; _module_preset=\u00a0\u00bbdefault\u00a0\u00bb global_colors_info=\u00a0\u00bb{}\u00a0\u00bb][et_pb_column type=\u00a0\u00bb4_4&Prime; _builder_version=\u00a0\u00bb4.16&Prime; _module_preset=\u00a0\u00bbdefault\u00a0\u00bb global_colors_info=\u00a0\u00bb{}\u00a0\u00bb][et_pb_button button_url=\u00a0\u00bb@ET-DC@eyJkeW5hbWljIjp0cnVlLCJjb250ZW50IjoicG9zdF9saW5rX3VybF9wYWdlIiwic2V0dGluZ3MiOnsicG9zdF9pZCI6IjExNSJ9fQ==@\u00a0\u00bb button_text=\u00a0\u00bbPrenez rendez-vous\u00a0\u00bb button_alignment=\u00a0\u00bbcenter\u00a0\u00bb _builder_version=\u00a0\u00bb4.16&Prime; _dynamic_attributes=\u00a0\u00bbbutton_url\u00a0\u00bb _module_preset=\u00a0\u00bbdefault\u00a0\u00bb custom_button=\u00a0\u00bbon\u00a0\u00bb button_text_size=\u00a0\u00bb18px\u00a0\u00bb button_border_width=\u00a0\u00bb2px\u00a0\u00bb button_border_radius=\u00a0\u00bb36px\u00a0\u00bb global_colors_info=\u00a0\u00bb{}\u00a0\u00bb][\/et_pb_button][\/et_pb_column][\/et_pb_row][et_pb_row _builder_version=\u00a0\u00bb4.16&Prime; _module_preset=\u00a0\u00bbdefault\u00a0\u00bb global_colors_info=\u00a0\u00bb{}\u00a0\u00bb][et_pb_column type=\u00a0\u00bb4_4&Prime; _builder_version=\u00a0\u00bb4.16&Prime; _module_preset=\u00a0\u00bbdefault\u00a0\u00bb global_colors_info=\u00a0\u00bb{}\u00a0\u00bb][et_pb_contact_form email=\u00a0\u00bbbperucca.avocat@yahoo.fr\u00a0\u00bb custom_message=\u00a0\u00bbNouveau message internet de :||et_pb_line_break_holder||||et_pb_line_break_holder||||et_pb_line_break_holder||Nom : %%Nom%%||et_pb_line_break_holder||||et_pb_line_break_holder||||et_pb_line_break_holder||Pr\u00e9nom : %%Prenom%%||et_pb_line_break_holder||||et_pb_line_break_holder||||et_pb_line_break_holder||T\u00e9l\u00e9phone : %%Phone%%||et_pb_line_break_holder||||et_pb_line_break_holder||||et_pb_line_break_holder||Email : %%Email%%||et_pb_line_break_holder||||et_pb_line_break_holder||||et_pb_line_break_holder||Son message : %%Message%%||et_pb_line_break_holder||\u00a0\u00bb success_message=\u00a0\u00bbMessage envoy\u00e9 avec succ\u00e8s\u00a0\u00bb submit_button_text=\u00a0\u00bbEnvoyer\u00a0\u00bb module_id=\u00a0\u00bbet_pb_contact_form_0&Prime; _builder_version=\u00a0\u00bb4.16&Prime; _unique_id=\u00a0\u00bbf12e4036-43c2-4fd6-9f6f-67f26093c39f\u00a0\u00bb form_field_background_color=\u00a0\u00bb#242424&Prime; form_field_text_color=\u00a0\u00bbrgba(255,255,255,0.5)\u00a0\u00bb form_field_focus_text_color=\u00a0\u00bb#ffffff\u00a0\u00bb captcha_font=\u00a0\u00bbAbel|700|||||||\u00a0\u00bb captcha_text_color=\u00a0\u00bb#000000&Prime; form_field_font=\u00a0\u00bbKarla||||||||\u00a0\u00bb form_field_font_size=\u00a0\u00bb16px\u00a0\u00bb custom_button=\u00a0\u00bbon\u00a0\u00bb button_text_size=\u00a0\u00bb15px\u00a0\u00bb button_text_color=\u00a0\u00bb#c2ab92&Prime; button_border_width=\u00a0\u00bb0px\u00a0\u00bb button_letter_spacing=\u00a0\u00bb1px\u00a0\u00bb button_font=\u00a0\u00bbKarla|700||on|||||\u00a0\u00bb button_icon=\u00a0\u00bb&#x4b;||divi||400&Prime; button_icon_placement=\u00a0\u00bbleft\u00a0\u00bb button_on_hover=\u00a0\u00bboff\u00a0\u00bb custom_padding=\u00a0\u00bb|||\u00a0\u00bb form_background_color=\u00a0\u00bb#242424&Prime; global_colors_info=\u00a0\u00bb{}\u00a0\u00bb box_shadow_color__hover_enabled=\u00a0\u00bbon|hover\u00a0\u00bb box_shadow_color__hover=\u00a0\u00bb#4c4c4c\u00a0\u00bb][et_pb_contact_field field_id=\u00a0\u00bbNom\u00a0\u00bb field_title=\u00a0\u00bbNom\u00a0\u00bb _builder_version=\u00a0\u00bb4.16&Prime; form_field_background_color=\u00a0\u00bb#FFFFFF\u00a0\u00bb form_field_text_color=\u00a0\u00bb#000000&Prime; form_field_focus_background_color=\u00a0\u00bb#E02B20&Prime; background_color=\u00a0\u00bb#FFFFFF\u00a0\u00bb background_enable_color=\u00a0\u00bbon\u00a0\u00bb box_shadow_style=\u00a0\u00bbpreset3&Prime; box_shadow_color=\u00a0\u00bb#000000&Prime; global_colors_info=\u00a0\u00bb{}\u00a0\u00bb button_text_size__hover_enabled=\u00a0\u00bboff\u00a0\u00bb button_one_text_size__hover_enabled=\u00a0\u00bboff\u00a0\u00bb button_two_text_size__hover_enabled=\u00a0\u00bboff\u00a0\u00bb button_text_color__hover_enabled=\u00a0\u00bboff\u00a0\u00bb button_one_text_color__hover_enabled=\u00a0\u00bboff\u00a0\u00bb button_two_text_color__hover_enabled=\u00a0\u00bboff\u00a0\u00bb button_border_width__hover_enabled=\u00a0\u00bboff\u00a0\u00bb button_one_border_width__hover_enabled=\u00a0\u00bboff\u00a0\u00bb button_two_border_width__hover_enabled=\u00a0\u00bboff\u00a0\u00bb button_border_color__hover_enabled=\u00a0\u00bboff\u00a0\u00bb button_one_border_color__hover_enabled=\u00a0\u00bboff\u00a0\u00bb button_two_border_color__hover_enabled=\u00a0\u00bboff\u00a0\u00bb button_border_radius__hover_enabled=\u00a0\u00bboff\u00a0\u00bb button_one_border_radius__hover_enabled=\u00a0\u00bboff\u00a0\u00bb button_two_border_radius__hover_enabled=\u00a0\u00bboff\u00a0\u00bb button_letter_spacing__hover_enabled=\u00a0\u00bboff\u00a0\u00bb button_one_letter_spacing__hover_enabled=\u00a0\u00bboff\u00a0\u00bb button_two_letter_spacing__hover_enabled=\u00a0\u00bboff\u00a0\u00bb button_bg_color__hover_enabled=\u00a0\u00bboff\u00a0\u00bb button_one_bg_color__hover_enabled=\u00a0\u00bboff\u00a0\u00bb button_two_bg_color__hover_enabled=\u00a0\u00bboff\u00a0\u00bb box_shadow_color__hover_enabled=\u00a0\u00bbon|hover\u00a0\u00bb box_shadow_color__hover=\u00a0\u00bb#4c4c4c\u00a0\u00bb][\/et_pb_contact_field][et_pb_contact_field field_id=\u00a0\u00bbPrenom\u00a0\u00bb field_title=\u00a0\u00bbPr\u00e9nom\u00a0\u00bb _builder_version=\u00a0\u00bb4.16&Prime; form_field_background_color=\u00a0\u00bb#FFFFFF\u00a0\u00bb form_field_text_color=\u00a0\u00bb#000000&Prime; form_field_focus_background_color=\u00a0\u00bb#E02B20&Prime; box_shadow_style=\u00a0\u00bbpreset3&Prime; box_shadow_color=\u00a0\u00bb#000000&Prime; global_colors_info=\u00a0\u00bb{}\u00a0\u00bb box_shadow_color__hover=\u00a0\u00bb#4c4c4c\u00a0\u00bb box_shadow_color__hover_enabled=\u00a0\u00bbon|hover\u00a0\u00bb][\/et_pb_contact_field][et_pb_contact_field field_id=\u00a0\u00bbPhone\u00a0\u00bb field_title=\u00a0\u00bbT\u00e9l\u00e9phone\u00a0\u00bb _builder_version=\u00a0\u00bb4.16&Prime; form_field_background_color=\u00a0\u00bb#FFFFFF\u00a0\u00bb form_field_text_color=\u00a0\u00bb#000000&Prime; form_field_focus_background_color=\u00a0\u00bb#E02B20&Prime; box_shadow_style=\u00a0\u00bbpreset3&Prime; box_shadow_color=\u00a0\u00bb#000000&Prime; global_colors_info=\u00a0\u00bb{}\u00a0\u00bb box_shadow_color__hover=\u00a0\u00bb#4c4c4c\u00a0\u00bb box_shadow_color__hover_enabled=\u00a0\u00bbon|hover\u00a0\u00bb][\/et_pb_contact_field][et_pb_contact_field field_id=\u00a0\u00bbEmail\u00a0\u00bb field_title=\u00a0\u00bbE-mail\u00a0\u00bb field_type=\u00a0\u00bbemail\u00a0\u00bb _builder_version=\u00a0\u00bb4.16&Prime; form_field_background_color=\u00a0\u00bb#FFFFFF\u00a0\u00bb form_field_text_color=\u00a0\u00bb#000000&Prime; form_field_focus_background_color=\u00a0\u00bb#E02B20&Prime; box_shadow_style=\u00a0\u00bbpreset3&Prime; box_shadow_color=\u00a0\u00bb#000000&Prime; global_colors_info=\u00a0\u00bb{}\u00a0\u00bb button_text_size__hover_enabled=\u00a0\u00bboff\u00a0\u00bb button_one_text_size__hover_enabled=\u00a0\u00bboff\u00a0\u00bb button_two_text_size__hover_enabled=\u00a0\u00bboff\u00a0\u00bb button_text_color__hover_enabled=\u00a0\u00bboff\u00a0\u00bb button_one_text_color__hover_enabled=\u00a0\u00bboff\u00a0\u00bb button_two_text_color__hover_enabled=\u00a0\u00bboff\u00a0\u00bb button_border_width__hover_enabled=\u00a0\u00bboff\u00a0\u00bb button_one_border_width__hover_enabled=\u00a0\u00bboff\u00a0\u00bb button_two_border_width__hover_enabled=\u00a0\u00bboff\u00a0\u00bb button_border_color__hover_enabled=\u00a0\u00bboff\u00a0\u00bb button_one_border_color__hover_enabled=\u00a0\u00bboff\u00a0\u00bb button_two_border_color__hover_enabled=\u00a0\u00bboff\u00a0\u00bb button_border_radius__hover_enabled=\u00a0\u00bboff\u00a0\u00bb button_one_border_radius__hover_enabled=\u00a0\u00bboff\u00a0\u00bb button_two_border_radius__hover_enabled=\u00a0\u00bboff\u00a0\u00bb button_letter_spacing__hover_enabled=\u00a0\u00bboff\u00a0\u00bb button_one_letter_spacing__hover_enabled=\u00a0\u00bboff\u00a0\u00bb button_two_letter_spacing__hover_enabled=\u00a0\u00bboff\u00a0\u00bb button_bg_color__hover_enabled=\u00a0\u00bboff\u00a0\u00bb button_one_bg_color__hover_enabled=\u00a0\u00bboff\u00a0\u00bb button_two_bg_color__hover_enabled=\u00a0\u00bboff\u00a0\u00bb box_shadow_color__hover=\u00a0\u00bb#4c4c4c\u00a0\u00bb box_shadow_color__hover_enabled=\u00a0\u00bbon|hover\u00a0\u00bb][\/et_pb_contact_field][et_pb_contact_field field_id=\u00a0\u00bbMessage\u00a0\u00bb field_title=\u00a0\u00bbMessage\u00a0\u00bb field_type=\u00a0\u00bbtext\u00a0\u00bb fullwidth_field=\u00a0\u00bbon\u00a0\u00bb _builder_version=\u00a0\u00bb4.16&Prime; form_field_background_color=\u00a0\u00bb#FFFFFF\u00a0\u00bb form_field_text_color=\u00a0\u00bb#000000&Prime; form_field_focus_background_color=\u00a0\u00bb#E02B20&Prime; form_field_focus_text_color=\u00a0\u00bb#000000&Prime; box_shadow_style=\u00a0\u00bbpreset3&Prime; box_shadow_color=\u00a0\u00bb#000000&Prime; global_colors_info=\u00a0\u00bb{}\u00a0\u00bb button_text_size__hover_enabled=\u00a0\u00bboff\u00a0\u00bb button_one_text_size__hover_enabled=\u00a0\u00bboff\u00a0\u00bb button_two_text_size__hover_enabled=\u00a0\u00bboff\u00a0\u00bb button_text_color__hover_enabled=\u00a0\u00bboff\u00a0\u00bb button_one_text_color__hover_enabled=\u00a0\u00bboff\u00a0\u00bb button_two_text_color__hover_enabled=\u00a0\u00bboff\u00a0\u00bb button_border_width__hover_enabled=\u00a0\u00bboff\u00a0\u00bb button_one_border_width__hover_enabled=\u00a0\u00bboff\u00a0\u00bb button_two_border_width__hover_enabled=\u00a0\u00bboff\u00a0\u00bb button_border_color__hover_enabled=\u00a0\u00bboff\u00a0\u00bb button_one_border_color__hover_enabled=\u00a0\u00bboff\u00a0\u00bb button_two_border_color__hover_enabled=\u00a0\u00bboff\u00a0\u00bb button_border_radius__hover_enabled=\u00a0\u00bboff\u00a0\u00bb button_one_border_radius__hover_enabled=\u00a0\u00bboff\u00a0\u00bb button_two_border_radius__hover_enabled=\u00a0\u00bboff\u00a0\u00bb button_letter_spacing__hover_enabled=\u00a0\u00bboff\u00a0\u00bb button_one_letter_spacing__hover_enabled=\u00a0\u00bboff\u00a0\u00bb button_two_letter_spacing__hover_enabled=\u00a0\u00bboff\u00a0\u00bb button_bg_color__hover_enabled=\u00a0\u00bboff\u00a0\u00bb button_one_bg_color__hover_enabled=\u00a0\u00bboff\u00a0\u00bb button_two_bg_color__hover_enabled=\u00a0\u00bboff\u00a0\u00bb box_shadow_color__hover=\u00a0\u00bb#4c4c4c\u00a0\u00bb box_shadow_color__hover_enabled=\u00a0\u00bbon|hover\u00a0\u00bb][\/et_pb_contact_field][et_pb_contact_field field_id=\u00a0\u00bbRGPD\u00a0\u00bb field_title=\u00a0\u00bb \u00a0\u00bb field_type=\u00a0\u00bbcheckbox\u00a0\u00bb checkbox_options=\u00a0\u00bb%91{%22value%22:%22 J&rsquo;ai lu et j&rsquo;accepte les politiques de confidentialit\u00e9%22,%22checked%22:0,%22dragID%22:-1,%22link_url%22:%22\/politique-de-confidentialite%22}%93&Prime; fullwidth_field=\u00a0\u00bbon\u00a0\u00bb _builder_version=\u00a0\u00bb4.16&Prime; form_field_background_color=\u00a0\u00bb#FFFFFF\u00a0\u00bb form_field_text_color=\u00a0\u00bb#000000&Prime; form_field_focus_background_color=\u00a0\u00bb#E02B20&Prime; form_field_focus_text_color=\u00a0\u00bb#000000&Prime; box_shadow_style=\u00a0\u00bbpreset6&Prime; box_shadow_color=\u00a0\u00bb#0C71C3&Prime; global_colors_info=\u00a0\u00bb{}\u00a0\u00bb][\/et_pb_contact_field][\/et_pb_contact_form][\/et_pb_column][\/et_pb_row][\/et_pb_section]<\/p>\n","protected":false},"excerpt":{"rendered":"<p>Ma\u00eetre Perucca, Docteur en Droit, Avocat Droit du Travail Antibes &nbsp;Avocat droit travail Antibes, Nice Cannes ou Nice, Ma\u00eetre Perucca est dans le de social. Le\u00a0droit social\u00a0englobe le\u00a0droit\u00a0du travail et le\u00a0droit\u00a0de la s\u00e9curit\u00e9\u00a0sociale. Il conc\u00e8de aux salari\u00e9s un certain nombre de\u00a0droits entrainant des obligations pour les employeurs et dont le non-respect peut aboutir \u00e0 des [&hellip;]<\/p>\n","protected":false},"author":1,"featured_media":0,"parent":0,"menu_order":0,"comment_status":"closed","ping_status":"closed","template":"","meta":{"_et_pb_use_builder":"on","_et_pb_old_content":"","_et_gb_content_width":"","footnotes":""},"class_list":["post-776","page","type-page","status-publish","hentry"],"_links":{"self":[{"href":"https:\/\/www.maitre-bruno-perucca.fr\/it\/wp-json\/wp\/v2\/pages\/776"}],"collection":[{"href":"https:\/\/www.maitre-bruno-perucca.fr\/it\/wp-json\/wp\/v2\/pages"}],"about":[{"href":"https:\/\/www.maitre-bruno-perucca.fr\/it\/wp-json\/wp\/v2\/types\/page"}],"author":[{"embeddable":true,"href":"https:\/\/www.maitre-bruno-perucca.fr\/it\/wp-json\/wp\/v2\/users\/1"}],"replies":[{"embeddable":true,"href":"https:\/\/www.maitre-bruno-perucca.fr\/it\/wp-json\/wp\/v2\/comments?post=776"}],"version-history":[{"count":21,"href":"https:\/\/www.maitre-bruno-perucca.fr\/it\/wp-json\/wp\/v2\/pages\/776\/revisions"}],"predecessor-version":[{"id":4979,"href":"https:\/\/www.maitre-bruno-perucca.fr\/it\/wp-json\/wp\/v2\/pages\/776\/revisions\/4979"}],"wp:attachment":[{"href":"https:\/\/www.maitre-bruno-perucca.fr\/it\/wp-json\/wp\/v2\/media?parent=776"}],"curies":[{"name":"wp","href":"https:\/\/api.w.org\/{rel}","templated":true}]}}