{"id":14,"date":"2019-10-02T07:56:49","date_gmt":"2019-10-02T07:56:49","guid":{"rendered":"http:\/\/maitre-bruno-perucca.fr\/?page_id=14"},"modified":"2024-10-25T23:02:31","modified_gmt":"2024-10-25T23:02:31","slug":"domaines-dintervention","status":"publish","type":"page","link":"https:\/\/www.maitre-bruno-perucca.fr\/en\/domaines-dintervention\/","title":{"rendered":"Competences of Ma\u00eetre Perucca - Lawyer - Doctor in Law"},"content":{"rendered":"<p>[et_pb_section fb_built=\u00a0\u00bb1&Prime; admin_label=\u00a0\u00bbHero Section\u00a0\u00bb _builder_version=\u00a0\u00bb4.0.7&Prime; custom_margin=\u00a0\u00bb||-7px||false|false\u00a0\u00bb custom_margin_tablet=\u00a0\u00bb0px||0px||true|false\u00a0\u00bb custom_margin_phone=\u00a0\u00bb\u00a0\u00bb custom_margin_last_edited=\u00a0\u00bbon|phone\u00a0\u00bb custom_padding=\u00a0\u00bb0|0px|0px|0px\u00a0\u00bb global_colors_info=\u00a0\u00bb{}\u00a0\u00bb][et_pb_row column_structure=\u00a0\u00bb1_2,1_2&Prime; use_custom_gutter=\u00a0\u00bbon\u00a0\u00bb make_equal=\u00a0\u00bbon\u00a0\u00bb _builder_version=\u00a0\u00bb4.3.4&Prime; width=\u00a0\u00bb100%\u00a0\u00bb max_width=\u00a0\u00bb100%\u00a0\u00bb custom_margin=\u00a0\u00bb||||false|false\u00a0\u00bb custom_padding=\u00a0\u00bb0px|0|0px|||\u00a0\u00bb use_custom_width=\u00a0\u00bbon\u00a0\u00bb width_unit=\u00a0\u00bboff\u00a0\u00bb custom_width_percent=\u00a0\u00bb100%\u00a0\u00bb global_colors_info=\u00a0\u00bb{}\u00a0\u00bb][et_pb_column type=\u00a0\u00bb1_2&Prime; _builder_version=\u00a0\u00bb4.0.7&Prime; custom_padding=\u00a0\u00bb200px|4%|200px|8%\u00a0\u00bb custom_padding_tablet=\u00a0\u00bb60px|10%|60px|10%\u00a0\u00bb custom_padding_phone=\u00a0\u00bb\u00a0\u00bb custom_padding_last_edited=\u00a0\u00bbon|phone\u00a0\u00bb global_colors_info=\u00a0\u00bb{}\u00a0\u00bb custom_padding__hover=\u00a0\u00bb|||\u00a0\u00bb][et_pb_text _builder_version=\u00a0\u00bb4.3.4&Prime; text_font=\u00a0\u00bb||||||||\u00a0\u00bb header_font=\u00a0\u00bbKarla|700||on|||||\u00a0\u00bb header_text_color=\u00a0\u00bb#b51212&Prime; header_font_size=\u00a0\u00bb16px\u00a0\u00bb header_letter_spacing=\u00a0\u00bb1px\u00a0\u00bb header_2_font=\u00a0\u00bbKarla|700||on|||||\u00a0\u00bb header_2_text_color=\u00a0\u00bb#b51212&Prime; header_2_font_size=\u00a0\u00bb16px\u00a0\u00bb header_2_letter_spacing=\u00a0\u00bb1px\u00a0\u00bb header_3_font=\u00a0\u00bbKarla|700||on|||||\u00a0\u00bb header_3_text_color=\u00a0\u00bb#b51212&Prime; header_3_font_size=\u00a0\u00bb16px\u00a0\u00bb header_3_letter_spacing=\u00a0\u00bb1px\u00a0\u00bb background_layout=\u00a0\u00bbdark\u00a0\u00bb max_width=\u00a0\u00bb600px\u00a0\u00bb module_alignment=\u00a0\u00bbleft\u00a0\u00bb custom_margin=\u00a0\u00bb||20px|\u00a0\u00bb locked=\u00a0\u00bboff\u00a0\u00bb global_colors_info=\u00a0\u00bb{}\u00a0\u00bb]<\/p>\n<h1>bureau d&rsquo;avocat \u00e0 Antibes<\/h1>\n<p>[\/et_pb_text][et_pb_text _builder_version=\u00a0\u00bb4.3.4&Prime; text_font=\u00a0\u00bbCormorant Garamond||||||||\u00a0\u00bb text_text_color=\u00a0\u00bb#000000&Prime; text_font_size=\u00a0\u00bb55px\u00a0\u00bb text_line_height=\u00a0\u00bb1.8em\u00a0\u00bb header_font=\u00a0\u00bbCormorant Garamond||||||||\u00a0\u00bb header_font_size=\u00a0\u00bb55px\u00a0\u00bb header_line_height=\u00a0\u00bb1.4em\u00a0\u00bb header_2_font=\u00a0\u00bbKarla||||||||\u00a0\u00bb header_2_font_size=\u00a0\u00bb18px\u00a0\u00bb header_2_line_height=\u00a0\u00bb1.4em\u00a0\u00bb header_3_font=\u00a0\u00bb||||||||\u00a0\u00bb max_width=\u00a0\u00bb600px\u00a0\u00bb text_font_size_tablet=\u00a0\u00bb40px\u00a0\u00bb text_font_size_phone=\u00a0\u00bb\u00a0\u00bb text_font_size_last_edited=\u00a0\u00bbon|phone\u00a0\u00bb header_font_size_tablet=\u00a0\u00bb40px\u00a0\u00bb header_font_size_phone=\u00a0\u00bb\u00a0\u00bb header_font_size_last_edited=\u00a0\u00bbon|desktop\u00a0\u00bb header_2_font_size_tablet=\u00a0\u00bb18px\u00a0\u00bb header_2_font_size_phone=\u00a0\u00bb18px\u00a0\u00bb header_2_font_size_last_edited=\u00a0\u00bbon|desktop\u00a0\u00bb text_orientation_tablet=\u00a0\u00bbjustified\u00a0\u00bb text_orientation_phone=\u00a0\u00bb\u00a0\u00bb text_orientation_last_edited=\u00a0\u00bbon|desktop\u00a0\u00bb locked=\u00a0\u00bboff\u00a0\u00bb global_colors_info=\u00a0\u00bb{}\u00a0\u00bb]Domaines d&rsquo;intervention<\/p>\n<h2>Je travaille plus sp\u00e9cialement, mais non exclusivement, en droit de la Famille et de son patrimoine, en Droit des contrats civils et  Droit Social. <\/h2>\n<p>[\/et_pb_text][et_pb_button button_url=\u00a0\u00bb#domaine-intervention\u00a0\u00bb button_text=\u00a0\u00bbd\u00e9couvrir\u00a0\u00bb _builder_version=\u00a0\u00bb4.0.7&Prime; custom_button=\u00a0\u00bbon\u00a0\u00bb button_text_size=\u00a0\u00bb13px\u00a0\u00bb button_text_color=\u00a0\u00bb#ffffff\u00a0\u00bb button_bg_color=\u00a0\u00bb#b51212&Prime; button_border_width=\u00a0\u00bb2px\u00a0\u00bb button_border_color=\u00a0\u00bb#b51212&Prime; button_border_radius=\u00a0\u00bb0px\u00a0\u00bb button_letter_spacing=\u00a0\u00bb2px\u00a0\u00bb button_font=\u00a0\u00bbKarla|700||on|||||\u00a0\u00bb background_layout=\u00a0\u00bbdark\u00a0\u00bb custom_margin=\u00a0\u00bb||-79px|||\u00a0\u00bb custom_padding=\u00a0\u00bb10px||10px|\u00a0\u00bb button_letter_spacing_hover=\u00a0\u00bb2px\u00a0\u00bb locked=\u00a0\u00bboff\u00a0\u00bb global_colors_info=\u00a0\u00bb{}\u00a0\u00bb button_text_size__hover_enabled=\u00a0\u00bboff\u00a0\u00bb button_one_text_size__hover_enabled=\u00a0\u00bboff\u00a0\u00bb button_two_text_size__hover_enabled=\u00a0\u00bboff\u00a0\u00bb button_text_color__hover_enabled=\u00a0\u00bboff\u00a0\u00bb button_one_text_color__hover_enabled=\u00a0\u00bboff\u00a0\u00bb button_two_text_color__hover_enabled=\u00a0\u00bboff\u00a0\u00bb button_border_width__hover_enabled=\u00a0\u00bboff\u00a0\u00bb button_one_border_width__hover_enabled=\u00a0\u00bboff\u00a0\u00bb button_two_border_width__hover_enabled=\u00a0\u00bboff\u00a0\u00bb button_border_color__hover_enabled=\u00a0\u00bboff\u00a0\u00bb button_one_border_color__hover_enabled=\u00a0\u00bboff\u00a0\u00bb button_two_border_color__hover_enabled=\u00a0\u00bboff\u00a0\u00bb button_border_radius__hover_enabled=\u00a0\u00bboff\u00a0\u00bb button_one_border_radius__hover_enabled=\u00a0\u00bboff\u00a0\u00bb button_two_border_radius__hover_enabled=\u00a0\u00bboff\u00a0\u00bb button_letter_spacing__hover_enabled=\u00a0\u00bbon\u00a0\u00bb button_letter_spacing__hover=\u00a0\u00bb2px\u00a0\u00bb button_one_letter_spacing__hover_enabled=\u00a0\u00bboff\u00a0\u00bb button_two_letter_spacing__hover_enabled=\u00a0\u00bboff\u00a0\u00bb button_bg_color__hover_enabled=\u00a0\u00bboff\u00a0\u00bb button_one_bg_color__hover_enabled=\u00a0\u00bboff\u00a0\u00bb button_two_bg_color__hover_enabled=\u00a0\u00bboff\u00a0\u00bb][\/et_pb_button][\/et_pb_column][et_pb_column type=\u00a0\u00bb1_2&Prime; _builder_version=\u00a0\u00bb4.3.4&Prime; background_color=\u00a0\u00bb#121212&Prime; use_background_color_gradient=\u00a0\u00bbon\u00a0\u00bb background_color_gradient_start=\u00a0\u00bbrgba(18,18,18,0.5)\u00a0\u00bb background_color_gradient_end=\u00a0\u00bb#121212&Prime; background_color_gradient_end_position=\u00a0\u00bb97%\u00a0\u00bb background_color_gradient_overlays_image=\u00a0\u00bbon\u00a0\u00bb background_image=\u00a0\u00bbhttps:\/\/www.maitre-bruno-perucca.fr\/wp-content\/uploads\/2020\/02\/Cabinet-Perucca-avocat.jpg\u00a0\u00bb custom_padding=\u00a0\u00bb100px||0px||false|false\u00a0\u00bb custom_padding_tablet=\u00a0\u00bb||||false|false\u00a0\u00bb custom_padding_phone=\u00a0\u00bb\u00a0\u00bb custom_padding_last_edited=\u00a0\u00bbon|phone\u00a0\u00bb global_colors_info=\u00a0\u00bb{}\u00a0\u00bb custom_padding__hover=\u00a0\u00bb|||\u00a0\u00bb][et_pb_image src=\u00a0\u00bbhttps:\/\/www.maitre-bruno-perucca.fr\/wp-content\/uploads\/2020\/02\/Cabinet-Perucca-avocat.jpg\u00a0\u00bb alt=\u00a0\u00bbBureau de l&rsquo;avocat ma\u00eetre Bruno Perucca \u00e0 Antibes\u00a0\u00bb title_text=\u00a0\u00bbLivre de droit avocat\u00a0\u00bb align_tablet=\u00a0\u00bbcenter\u00a0\u00bb align_phone=\u00a0\u00bb\u00a0\u00bb align_last_edited=\u00a0\u00bbon|desktop\u00a0\u00bb _builder_version=\u00a0\u00bb4.3.4&Prime; max_width=\u00a0\u00bb600px\u00a0\u00bb max_width_tablet=\u00a0\u00bb\u00a0\u00bb max_width_phone=\u00a0\u00bb\u00a0\u00bb max_width_last_edited=\u00a0\u00bbon|desktop\u00a0\u00bb custom_margin=\u00a0\u00bb|||-8%\u00a0\u00bb custom_margin_tablet=\u00a0\u00bb60px|60px|60px|60px\u00a0\u00bb custom_margin_phone=\u00a0\u00bb\u00a0\u00bb custom_margin_last_edited=\u00a0\u00bbon|desktop\u00a0\u00bb custom_padding=\u00a0\u00bb|||\u00a0\u00bb animation_style=\u00a0\u00bbslide\u00a0\u00bb animation_direction=\u00a0\u00bbright\u00a0\u00bb animation_intensity_slide=\u00a0\u00bb4%\u00a0\u00bb animation_starting_opacity=\u00a0\u00bb50%\u00a0\u00bb box_shadow_style=\u00a0\u00bbpreset3&Prime; box_shadow_blur=\u00a0\u00bb80px\u00a0\u00bb global_colors_info=\u00a0\u00bb{}\u00a0\u00bb][\/et_pb_image][\/et_pb_column][\/et_pb_row][\/et_pb_section][et_pb_section fb_built=\u00a0\u00bb1&Prime; admin_label=\u00a0\u00bbWelcome &#038; About Us\u00a0\u00bb _builder_version=\u00a0\u00bb4.14.8&Prime; background_enable_color=\u00a0\u00bboff\u00a0\u00bb background_color_gradient_start=\u00a0\u00bbrgba(18,18,18,0.5)\u00a0\u00bb background_color_gradient_end=\u00a0\u00bb#121212&Prime; background_color_gradient_direction=\u00a0\u00bb360deg\u00a0\u00bb background_enable_image=\u00a0\u00bboff\u00a0\u00bb background_blend=\u00a0\u00bboverlay\u00a0\u00bb custom_padding=\u00a0\u00bb8%|0px|2%|0px||\u00a0\u00bb top_divider_color=\u00a0\u00bb#000000&Prime; bottom_divider_color=\u00a0\u00bb#000000&Prime; global_colors_info=\u00a0\u00bb{}\u00a0\u00bb][et_pb_row column_structure=\u00a0\u00bb1_3,1_3,1_3&Prime; custom_padding_last_edited=\u00a0\u00bbon|desktop\u00a0\u00bb module_id=\u00a0\u00bbdomaine-intervention\u00a0\u00bb _builder_version=\u00a0\u00bb4.14.8&Prime; background_enable_color=\u00a0\u00bboff\u00a0\u00bb custom_margin=\u00a0\u00bb||||false|false\u00a0\u00bb custom_padding=\u00a0\u00bb|25px||25px|false|true\u00a0\u00bb custom_padding_tablet=\u00a0\u00bb\u00a0\u00bb custom_padding_phone=\u00a0\u00bb\u00a0\u00bb border_radii=\u00a0\u00bbon|50px|50px|50px|50px\u00a0\u00bb box_shadow_style=\u00a0\u00bbpreset1&Prime; global_colors_info=\u00a0\u00bb{}\u00a0\u00bb][et_pb_column type=\u00a0\u00bb1_3&Prime; _builder_version=\u00a0\u00bb3.25&Prime; custom_padding=\u00a0\u00bb|||\u00a0\u00bb global_colors_info=\u00a0\u00bb{}\u00a0\u00bb custom_padding__hover=\u00a0\u00bb|||\u00a0\u00bb][et_pb_image src=\u00a0\u00bbhttps:\/\/www.maitre-bruno-perucca.fr\/wp-content\/uploads\/2019\/11\/\u00eecone-droit-sociaux-1.png\u00a0\u00bb alt=\u00a0\u00bb\u00eecone droit civil g\u00e9n\u00e9ral\u00a0\u00bb title_text=\u00a0\u00bb\u00eecone droit civil g\u00e9n\u00e9ral\u00a0\u00bb align=\u00a0\u00bbcenter\u00a0\u00bb _builder_version=\u00a0\u00bb4.14.8&Prime; custom_margin=\u00a0\u00bb||43px||false|false\u00a0\u00bb global_colors_info=\u00a0\u00bb{}\u00a0\u00bb][\/et_pb_image][et_pb_toggle title=\u00a0\u00bbDroit civil G\u00e9n\u00e9ral \u00a0\u00bb open_toggle_text_color=\u00a0\u00bb#000000&Prime; closed_toggle_text_color=\u00a0\u00bb#000000&Prime; icon_color=\u00a0\u00bbrgba(217,217,217,0.3)\u00a0\u00bb open_icon_color=\u00a0\u00bbrgba(217,217,217,0.3)\u00a0\u00bb _builder_version=\u00a0\u00bb4.14.8&Prime; title_text_color=\u00a0\u00bb#000000&Prime; title_level=\u00a0\u00bbh3&Prime; title_font=\u00a0\u00bbCormorant Garamond|600|||||||\u00a0\u00bb title_text_align=\u00a0\u00bbcenter\u00a0\u00bb title_font_size=\u00a0\u00bb25px\u00a0\u00bb body_font=\u00a0\u00bbKarla||||||||\u00a0\u00bb body_text_align=\u00a0\u00bbjustify\u00a0\u00bb body_text_color=\u00a0\u00bb#000000&Prime; body_font_size=\u00a0\u00bb18px\u00a0\u00bb body_line_height=\u00a0\u00bb1.3em\u00a0\u00bb background_color=\u00a0\u00bbrgba(0,0,0,0)\u00a0\u00bb border_color_all=\u00a0\u00bbrgba(217,217,217,0.3)\u00a0\u00bb global_colors_info=\u00a0\u00bb{}\u00a0\u00bb]<\/p>\n<p>\u27a3 Droit des contrats civils<\/p>\n<p>\u27a3 Constitution des contrats, garanties et s\u00fbret\u00e9s (hypoth\u00e8ques, cautions, privil\u00e8ges)<\/p>\n<p>\u27a3 Litige et contentieux des contrats civils, garanties constitu\u00e9es, cautionnement, hypoth\u00e8ques et mesures conservatoires.<\/p>\n<p>\u27a3 Constitution et contentieux relatif \u00e0 l\u2019ensemble des baux civils (cong\u00e9, r\u00e9siliation, r\u00e9solution, expulsion, surendettement)<\/p>\n<p>\u27a3 Droit de la consommation et surendettement du particulier<\/p>\n<p>\u27a3 Droit du contrat de vente et d\u2019achat et ensemble du contentieux li\u00e9 \u00e0 ces derniers (r\u00e9siliation, r\u00e9solution, vice cach\u00e9s, d\u00e9faut de conformit\u00e9<\/p>\n<p>\u27a3 Droit de la propri\u00e9t\u00e9 et contestation de ce droit (servitudes l\u00e9gales ou conventionnelles, mitoyennet\u00e9, prescription acquisitive, revendication de propri\u00e9t\u00e9 ou contestation de propri\u00e9t\u00e9)<\/p>\n<p>[\/et_pb_toggle][\/et_pb_column][et_pb_column type=\u00a0\u00bb1_3&Prime; _builder_version=\u00a0\u00bb3.25&Prime; custom_padding=\u00a0\u00bb|||\u00a0\u00bb global_colors_info=\u00a0\u00bb{}\u00a0\u00bb custom_padding__hover=\u00a0\u00bb|||\u00a0\u00bb][et_pb_image src=\u00a0\u00bbhttps:\/\/www.maitre-bruno-perucca.fr\/wp-content\/uploads\/2019\/10\/architecture-firm-04.png\u00a0\u00bb alt=\u00a0\u00bb\u00eecone droit de la famille et de son patrimoine\u00a0\u00bb title_text=\u00a0\u00bb\u00eecone droit de la famille et de son patrimoine\u00a0\u00bb url=\u00a0\u00bbhttps:\/\/www.maitre-bruno-perucca.fr\/avocat-droit-de-la-famille\/\u00a0\u00bb align=\u00a0\u00bbcenter\u00a0\u00bb _builder_version=\u00a0\u00bb4.14.7&Prime; global_colors_info=\u00a0\u00bb{}\u00a0\u00bb][\/et_pb_image][et_pb_toggle title=\u00a0\u00bbDroit de la Famille et de son patrimoine\u00a0\u00bb open_toggle_text_color=\u00a0\u00bb#000000&Prime; closed_toggle_text_color=\u00a0\u00bb#000000&Prime; icon_color=\u00a0\u00bbrgba(217,217,217,0.3)\u00a0\u00bb open_icon_color=\u00a0\u00bbrgba(217,217,217,0.3)\u00a0\u00bb _builder_version=\u00a0\u00bb4.14.8&Prime; title_text_color=\u00a0\u00bb#000000&Prime; title_level=\u00a0\u00bbh3&Prime; title_font=\u00a0\u00bbCormorant Garamond||||||||\u00a0\u00bb title_text_align=\u00a0\u00bbcenter\u00a0\u00bb title_font_size=\u00a0\u00bb25px\u00a0\u00bb body_font=\u00a0\u00bbKarla||||||||\u00a0\u00bb body_text_align=\u00a0\u00bbjustify\u00a0\u00bb body_text_color=\u00a0\u00bb#000000&Prime; body_font_size=\u00a0\u00bb18px\u00a0\u00bb body_line_height=\u00a0\u00bb1.3em\u00a0\u00bb background_color=\u00a0\u00bbrgba(0,0,0,0)\u00a0\u00bb link_option_url=\u00a0\u00bbhttps:\/\/www.maitre-bruno-perucca.fr\/avocat-droit-de-la-famille\/\u00a0\u00bb border_color_all=\u00a0\u00bbrgba(217,217,217,0.3)\u00a0\u00bb locked=\u00a0\u00bboff\u00a0\u00bb global_colors_info=\u00a0\u00bb{}\u00a0\u00bb]<\/p>\n<p>\u27a3 Adoption simple et pl\u00e9ni\u00e8re<\/p>\n<p>\u27a3 Autorit\u00e9 parentale, obligations et exercice de cette autorit\u00e9<\/p>\n<p>\u27a3 Litiges nationaux et internationaux relatifs \u00e0 l\u2019autorit\u00e9 parentale et \u00e0 l\u2019application des r\u00e9gimes matrimoniaux<\/p>\n<p>\u27a3 La capacit\u00e9 des personnes et r\u00e9gimes de protection des mineurs et des majeurs (tutelles, curatelles, sauvegarde de justice)<\/p>\n<p>\u27a3 Droit des mineurs, en ce compris le droit p\u00e9nal des mineurs<\/p>\n<p>\u27a3 Actions relatives \u00e0 la filiation et l\u2019\u00e9tablissement ou la contestation de la paternit\u00e9<\/p>\n<p>\u27a3 R\u00e9gimes matrimoniaux, conseils \u00e0 l\u2019adoption de PACS ou de r\u00e9gimes matrimoniaux particuliers selon la situation familiale et en termes de succession des \u00e9poux<\/p>\n<p>\u27a3 Changement des r\u00e9gimes matrimoniaux<\/p>\n<p>\u27a3 Litiges relatifs \u00e0 la liquidation des r\u00e9gimes matrimoniaux apr\u00e8s divorce ou pendant la proc\u00e9dure<\/p>\n<p>\u27a3 Divorces et ensemble du contentieux du divorce, y compris en mati\u00e8re immobili\u00e8re<\/p>\n<p>\u27a3 Successions, donations, lib\u00e9ralit\u00e9s<\/p>\n<p>\u27a3 Contentieux successoral et relatif \u00e0 l\u2019application des testaments ou leur contestation<\/p>\n<p>\u27a3 Testament et contestation de testament ou de lib\u00e9ralit\u00e9s<\/p>\n<p>\u27a3 Contentieux de l\u2019indivision successorale ou matrimoniale<\/p>\n<p>[\/et_pb_toggle][\/et_pb_column][et_pb_column type=\u00a0\u00bb1_3&Prime; _builder_version=\u00a0\u00bb3.25&Prime; custom_padding=\u00a0\u00bb|||\u00a0\u00bb global_colors_info=\u00a0\u00bb{}\u00a0\u00bb custom_padding__hover=\u00a0\u00bb|||\u00a0\u00bb][et_pb_image src=\u00a0\u00bbhttps:\/\/www.maitre-bruno-perucca.fr\/wp-content\/uploads\/2019\/11\/\u00eecone-droit-civil-1.png\u00a0\u00bb alt=\u00a0\u00bb\u00eecone droit social\u00a0\u00bb title_text=\u00a0\u00bb\u00eecone droit social\u00a0\u00bb url=\u00a0\u00bbhttps:\/\/www.maitre-bruno-perucca.fr\/avocat-droit-social-antibes-sophia-antipolis\/\u00a0\u00bb align=\u00a0\u00bbcenter\u00a0\u00bb _builder_version=\u00a0\u00bb4.14.7&Prime; custom_margin=\u00a0\u00bb||43px||false|false\u00a0\u00bb global_colors_info=\u00a0\u00bb{}\u00a0\u00bb][\/et_pb_image][et_pb_toggle title=\u00a0\u00bbDroit Social \u00a0\u00bb open_toggle_text_color=\u00a0\u00bb#000000&Prime; closed_toggle_text_color=\u00a0\u00bb#000000&Prime; icon_color=\u00a0\u00bbrgba(217,217,217,0.3)\u00a0\u00bb open_icon_color=\u00a0\u00bbrgba(217,217,217,0.3)\u00a0\u00bb _builder_version=\u00a0\u00bb4.14.8&Prime; title_text_color=\u00a0\u00bb#000000&Prime; title_level=\u00a0\u00bbh3&Prime; title_font=\u00a0\u00bbCormorant Garamond||||||||\u00a0\u00bb title_text_align=\u00a0\u00bbcenter\u00a0\u00bb title_font_size=\u00a0\u00bb25px\u00a0\u00bb body_font=\u00a0\u00bbKarla||||||||\u00a0\u00bb body_text_align=\u00a0\u00bbjustify\u00a0\u00bb body_text_color=\u00a0\u00bb#000000&Prime; body_font_size=\u00a0\u00bb18px\u00a0\u00bb body_line_height=\u00a0\u00bb1.3em\u00a0\u00bb background_color=\u00a0\u00bbrgba(0,0,0,0)\u00a0\u00bb link_option_url=\u00a0\u00bbhttps:\/\/www.maitre-bruno-perucca.fr\/avocat-droit-social-antibes-sophia-antipolis\/\u00a0\u00bb border_color_all=\u00a0\u00bbrgba(217,217,217,0.3)\u00a0\u00bb locked=\u00a0\u00bboff\u00a0\u00bb global_colors_info=\u00a0\u00bb{}\u00a0\u00bb]<\/p>\n<p>\u27a3 Constitution des contrats de travail<\/p>\n<p>\u27a3 Contentieux de l\u2019application des Conventions collectives et du contrat de travail<\/p>\n<p>\u27a3 Licenciement et contentieux du licenciement, pour motif personnel, \u00e9conomique, etc.<\/p>\n<p>\u27a3 Contentieux prud\u2019homal<\/p>\n<p>\u27a3 N\u00e9gociation et conciliation dans le cadre de d\u00e9parts n\u00e9goci\u00e9s et de la rupture du contrat de travail<\/p>\n<p>\u27a3 Responsabilit\u00e9s issues de l\u2019application du contrat de travail pour le salari\u00e9 comme l\u2019employeur<\/p>\n<p>[\/et_pb_toggle][\/et_pb_column][\/et_pb_row][\/et_pb_section][et_pb_section fb_built=\u00a0\u00bb1&Prime; admin_label=\u00a0\u00bbHero Section\u00a0\u00bb _builder_version=\u00a0\u00bb4.0.7&Prime; custom_padding=\u00a0\u00bb0|0px|0px|0px\u00a0\u00bb locked=\u00a0\u00bboff\u00a0\u00bb global_colors_info=\u00a0\u00bb{}\u00a0\u00bb][et_pb_row column_structure=\u00a0\u00bb1_2,1_2&Prime; make_equal=\u00a0\u00bbon\u00a0\u00bb _builder_version=\u00a0\u00bb4.3.4&Prime; width=\u00a0\u00bb100%\u00a0\u00bb max_width=\u00a0\u00bb100%\u00a0\u00bb custom_margin=\u00a0\u00bb|||\u00a0\u00bb custom_padding=\u00a0\u00bb0px|0|0px|||\u00a0\u00bb use_custom_width=\u00a0\u00bbon\u00a0\u00bb width_unit=\u00a0\u00bboff\u00a0\u00bb custom_width_percent=\u00a0\u00bb100%\u00a0\u00bb global_colors_info=\u00a0\u00bb{}\u00a0\u00bb][et_pb_column type=\u00a0\u00bb1_2&Prime; _builder_version=\u00a0\u00bb4.3.4&Prime; use_background_color_gradient=\u00a0\u00bbon\u00a0\u00bb background_color_gradient_start=\u00a0\u00bbrgba(18,18,18,0.5)\u00a0\u00bb background_color_gradient_end=\u00a0\u00bb#121212&Prime; background_color_gradient_direction=\u00a0\u00bb360deg\u00a0\u00bb background_color_gradient_overlays_image=\u00a0\u00bbon\u00a0\u00bb background_image=\u00a0\u00bbhttps:\/\/www.maitre-bruno-perucca.fr\/wp-content\/uploads\/2020\/02\/Avocat-Bruno-Perucca-domaines-dintervention.jpg\u00a0\u00bb custom_padding=\u00a0\u00bb65px||65px||true|false\u00a0\u00bb custom_padding_tablet=\u00a0\u00bb60px||60px|\u00a0\u00bb custom_padding_phone=\u00a0\u00bb\u00a0\u00bb custom_padding_last_edited=\u00a0\u00bbon|phone\u00a0\u00bb global_colors_info=\u00a0\u00bb{}\u00a0\u00bb custom_padding__hover=\u00a0\u00bb|||\u00a0\u00bb][et_pb_image src=\u00a0\u00bbhttps:\/\/www.maitre-bruno-perucca.fr\/wp-content\/uploads\/2020\/02\/Avocat-Bruno-Perucca-domaines-dintervention.jpg\u00a0\u00bb alt=\u00a0\u00bbBureau de l&rsquo;avocat ma\u00eetre Bruno Perucca \u00e0 Antibes\u00a0\u00bb title_text=\u00a0\u00bbFigurine Justicia\u00a0\u00bb align_tablet=\u00a0\u00bbcenter\u00a0\u00bb align_phone=\u00a0\u00bb\u00a0\u00bb align_last_edited=\u00a0\u00bbon|desktop\u00a0\u00bb _builder_version=\u00a0\u00bb4.3.4&Prime; max_width_last_edited=\u00a0\u00bboff|desktop\u00a0\u00bb module_alignment=\u00a0\u00bbcenter\u00a0\u00bb custom_margin=\u00a0\u00bb|-10%||20%\u00a0\u00bb custom_margin_tablet=\u00a0\u00bb|10%||10%\u00a0\u00bb custom_margin_phone=\u00a0\u00bb\u00a0\u00bb custom_margin_last_edited=\u00a0\u00bbon|phone\u00a0\u00bb custom_padding=\u00a0\u00bb|||\u00a0\u00bb animation_style=\u00a0\u00bbslide\u00a0\u00bb animation_direction=\u00a0\u00bbright\u00a0\u00bb animation_intensity_slide=\u00a0\u00bb4%\u00a0\u00bb animation_starting_opacity=\u00a0\u00bb50%\u00a0\u00bb box_shadow_style=\u00a0\u00bbpreset3&Prime; box_shadow_blur=\u00a0\u00bb80px\u00a0\u00bb global_colors_info=\u00a0\u00bb{}\u00a0\u00bb][\/et_pb_image][\/et_pb_column][et_pb_column type=\u00a0\u00bb1_2&Prime; _builder_version=\u00a0\u00bb4.3.4&Prime; custom_padding=\u00a0\u00bb100px|8%|100px|4%\u00a0\u00bb custom_padding_tablet=\u00a0\u00bb60px|10%|60px|10%\u00a0\u00bb custom_padding_phone=\u00a0\u00bb\u00a0\u00bb custom_padding_last_edited=\u00a0\u00bbon|phone\u00a0\u00bb global_colors_info=\u00a0\u00bb{}\u00a0\u00bb custom_padding__hover=\u00a0\u00bb|||\u00a0\u00bb][et_pb_text _builder_version=\u00a0\u00bb4.3.4&Prime; text_font=\u00a0\u00bb||||||||\u00a0\u00bb header_font=\u00a0\u00bb||||||||\u00a0\u00bb header_3_font=\u00a0\u00bbKarla|700||on|||||\u00a0\u00bb header_3_text_color=\u00a0\u00bb#b51212&Prime; header_3_font_size=\u00a0\u00bb16px\u00a0\u00bb header_3_letter_spacing=\u00a0\u00bb1px\u00a0\u00bb header_4_font=\u00a0\u00bbKarla|700||on|||||\u00a0\u00bb header_4_text_color=\u00a0\u00bb#b51212&Prime; header_4_font_size=\u00a0\u00bb16px\u00a0\u00bb header_4_letter_spacing=\u00a0\u00bb1px\u00a0\u00bb background_layout=\u00a0\u00bbdark\u00a0\u00bb module_alignment=\u00a0\u00bbright\u00a0\u00bb custom_margin=\u00a0\u00bb40px||20px|\u00a0\u00bb locked=\u00a0\u00bboff\u00a0\u00bb global_colors_info=\u00a0\u00bb{}\u00a0\u00bb]<\/p>\n<h4>Votre accompagnement<\/h4>\n<p>[\/et_pb_text][et_pb_divider divider_weight=\u00a0\u00bb2px\u00a0\u00bb _builder_version=\u00a0\u00bb3.26.3&Prime; max_width=\u00a0\u00bb150px\u00a0\u00bb height=\u00a0\u00bb2px\u00a0\u00bb custom_margin=\u00a0\u00bb|||\u00a0\u00bb custom_padding=\u00a0\u00bb|||-60px\u00a0\u00bb custom_padding_tablet=\u00a0\u00bb|0px||\u00a0\u00bb custom_padding_last_edited=\u00a0\u00bboff|desktop\u00a0\u00bb locked=\u00a0\u00bboff\u00a0\u00bb global_colors_info=\u00a0\u00bb{}\u00a0\u00bb][\/et_pb_divider][et_pb_text _builder_version=\u00a0\u00bb4.0.7&Prime; text_font=\u00a0\u00bbKarla||||||||\u00a0\u00bb text_font_size=\u00a0\u00bb18px\u00a0\u00bb text_line_height=\u00a0\u00bb1.8em\u00a0\u00bb header_font=\u00a0\u00bb||||||||\u00a0\u00bb header_2_font=\u00a0\u00bbCormorant Garamond||||||||\u00a0\u00bb header_2_font_size=\u00a0\u00bb40px\u00a0\u00bb header_2_line_height=\u00a0\u00bb1.4em\u00a0\u00bb header_3_font=\u00a0\u00bbCormorant Garamond||||||||\u00a0\u00bb header_3_font_size=\u00a0\u00bb40px\u00a0\u00bb header_3_line_height=\u00a0\u00bb1.4em\u00a0\u00bb header_4_font=\u00a0\u00bbCormorant Garamond||||||||\u00a0\u00bb header_4_text_align=\u00a0\u00bbleft\u00a0\u00bb header_4_text_color=\u00a0\u00bb#000000&Prime; header_4_font_size=\u00a0\u00bb40px\u00a0\u00bb header_4_line_height=\u00a0\u00bb1.4em\u00a0\u00bb max_width=\u00a0\u00bb600px\u00a0\u00bb header_4_text_align_tablet=\u00a0\u00bb\u00a0\u00bb header_4_text_align_phone=\u00a0\u00bb\u00a0\u00bb header_4_text_align_last_edited=\u00a0\u00bbon|desktop\u00a0\u00bb header_4_font_size_tablet=\u00a0\u00bb\u00a0\u00bb header_4_font_size_phone=\u00a0\u00bb35px\u00a0\u00bb header_4_font_size_last_edited=\u00a0\u00bbon|phone\u00a0\u00bb text_orientation_tablet=\u00a0\u00bbjustified\u00a0\u00bb text_orientation_phone=\u00a0\u00bb\u00a0\u00bb text_orientation_last_edited=\u00a0\u00bbon|phone\u00a0\u00bb locked=\u00a0\u00bboff\u00a0\u00bb global_colors_info=\u00a0\u00bb{}\u00a0\u00bb]<\/p>\n<h4>Un accompagnement continu<\/h4>\n<p>Pour plus d&rsquo;informations, n&rsquo;h\u00e9sitez pas \u00e0 prendre <a href=\"https:\/\/www.maitre-bruno-perucca.fr\/contact\/\">contact<\/a>, afin que nous puissions \u00e9changer  ensemble[\/et_pb_text][et_pb_button button_url=\u00a0\u00bb\/contact\u00a0\u00bb button_text=\u00a0\u00bbContact\u00a0\u00bb _builder_version=\u00a0\u00bb4.13.0&Prime; custom_button=\u00a0\u00bbon\u00a0\u00bb button_text_size=\u00a0\u00bb13px\u00a0\u00bb button_text_color=\u00a0\u00bb#b51212&Prime; button_border_width=\u00a0\u00bb0px\u00a0\u00bb button_border_radius=\u00a0\u00bb0px\u00a0\u00bb button_font=\u00a0\u00bbKarla|700||on|||||\u00a0\u00bb button_icon=\u00a0\u00bb&#x4b;||divi||400&Prime; button_icon_placement=\u00a0\u00bbleft\u00a0\u00bb button_on_hover=\u00a0\u00bboff\u00a0\u00bb global_colors_info=\u00a0\u00bb{}\u00a0\u00bb][\/et_pb_button][\/et_pb_column][\/et_pb_row][\/et_pb_section]<\/p>\n","protected":false},"excerpt":{"rendered":"<p>bureau d&rsquo;avocat \u00e0 AntibesDomaines d&rsquo;intervention Je travaille plus sp\u00e9cialement, mais non exclusivement, en droit de la Famille et de son patrimoine, en Droit des contrats civils et Droit Social. \u27a3 Droit des contrats civils \u27a3 Constitution des contrats, garanties et s\u00fbret\u00e9s (hypoth\u00e8ques, cautions, privil\u00e8ges) \u27a3 Litige et contentieux des contrats civils, garanties constitu\u00e9es, cautionnement, hypoth\u00e8ques [&hellip;]<\/p>\n","protected":false},"author":1,"featured_media":6,"parent":0,"menu_order":0,"comment_status":"closed","ping_status":"closed","template":"","meta":{"_et_pb_use_builder":"on","_et_pb_old_content":"","_et_gb_content_width":"","footnotes":""},"class_list":["post-14","page","type-page","status-publish","has-post-thumbnail","hentry"],"_links":{"self":[{"href":"https:\/\/www.maitre-bruno-perucca.fr\/en\/wp-json\/wp\/v2\/pages\/14"}],"collection":[{"href":"https:\/\/www.maitre-bruno-perucca.fr\/en\/wp-json\/wp\/v2\/pages"}],"about":[{"href":"https:\/\/www.maitre-bruno-perucca.fr\/en\/wp-json\/wp\/v2\/types\/page"}],"author":[{"embeddable":true,"href":"https:\/\/www.maitre-bruno-perucca.fr\/en\/wp-json\/wp\/v2\/users\/1"}],"replies":[{"embeddable":true,"href":"https:\/\/www.maitre-bruno-perucca.fr\/en\/wp-json\/wp\/v2\/comments?post=14"}],"version-history":[{"count":15,"href":"https:\/\/www.maitre-bruno-perucca.fr\/en\/wp-json\/wp\/v2\/pages\/14\/revisions"}],"predecessor-version":[{"id":4973,"href":"https:\/\/www.maitre-bruno-perucca.fr\/en\/wp-json\/wp\/v2\/pages\/14\/revisions\/4973"}],"wp:featuredmedia":[{"embeddable":true,"href":"https:\/\/www.maitre-bruno-perucca.fr\/en\/wp-json\/wp\/v2\/media\/6"}],"wp:attachment":[{"href":"https:\/\/www.maitre-bruno-perucca.fr\/en\/wp-json\/wp\/v2\/media?parent=14"}],"curies":[{"name":"wp","href":"https:\/\/api.w.org\/{rel}","templated":true}]}}